{"id":29716,"date":"2024-11-04T14:41:01","date_gmt":"2024-11-04T14:41:01","guid":{"rendered":"https:\/\/sheida.de\/info-paket-fur-geschaftskunden\/"},"modified":"2025-06-11T09:22:29","modified_gmt":"2025-06-11T09:22:29","slug":"business-inquiry","status":"publish","type":"page","link":"https:\/\/sheida.de\/en\/business-inquiry\/","title":{"rendered":"Business Inquiry"},"content":{"rendered":"\t\t<div data-elementor-type=\"wp-page\" data-elementor-id=\"29716\" class=\"elementor elementor-29716 elementor-28164\" data-elementor-post-type=\"page\">\n\t\t\t\t<div class=\"wd-negative-gap elementor-element elementor-element-38138f0 e-flex e-con-boxed e-con e-parent\" data-id=\"38138f0\" data-element_type=\"container\">\n\t\t\t\t\t<div class=\"e-con-inner\">\n\t\t\t\t<div class=\"elementor-element elementor-element-bf35949 elementor-widget elementor-widget-theme-site-logo elementor-widget-image\" data-id=\"bf35949\" data-element_type=\"widget\" data-widget_type=\"theme-site-logo.default\">\n\t\t\t\t<div class=\"elementor-widget-container\">\n\t\t\t\t\t\t\t\t\t\t\t<a href=\"https:\/\/sheida.de\/en\/\">\n\t\t\t<img fetchpriority=\"high\" decoding=\"async\" width=\"400\" height=\"135\" src=\"https:\/\/sheida.de\/wp-content\/themes\/woodmart\/images\/lazy.png\" class=\"attachment-medium size-medium wp-image-28773 wd-lazy-load wd-lazy-fade\" alt=\"\" srcset=\"\" sizes=\"(max-width: 400px) 100vw, 400px\" data-wood-src=\"https:\/\/sheida.de\/wp-content\/uploads\/2024\/12\/LOGO-siyah-400x135.webp\" data-srcset=\"https:\/\/sheida.de\/wp-content\/uploads\/2024\/12\/LOGO-siyah-400x135.webp 400w, https:\/\/sheida.de\/wp-content\/uploads\/2024\/12\/LOGO-siyah-700x237.webp 700w, https:\/\/sheida.de\/wp-content\/uploads\/2024\/12\/LOGO-siyah-150x51.webp 150w, https:\/\/sheida.de\/wp-content\/uploads\/2024\/12\/LOGO-siyah-177x60.webp 177w, https:\/\/sheida.de\/wp-content\/uploads\/2024\/12\/LOGO-siyah.webp 750w\" \/>\t\t\t\t<\/a>\n\t\t\t\t\t\t\t\t\t\t\t<\/div>\n\t\t\t\t<\/div>\n\t\t\t\t\t<\/div>\n\t\t\t\t<\/div>\n\t\t<div class=\"wd-negative-gap elementor-element elementor-element-f236764 e-flex e-con-boxed e-con e-parent\" data-id=\"f236764\" data-element_type=\"container\">\n\t\t\t\t\t<div class=\"e-con-inner\">\n\t\t\t\t<div class=\"elementor-element elementor-element-57b8add wd-width-100 elementor-widget elementor-widget-wd_title\" data-id=\"57b8add\" data-element_type=\"widget\" data-widget_type=\"wd_title.default\">\n\t\t\t\t<div class=\"elementor-widget-container\">\n\t\t\t\t\t\t\t<div class=\"title-wrapper set-mb-s reset-last-child wd-title-color-default wd-title-style-default wd-title-size-default text-center\">\n\n\t\t\t\n\t\t\t<div class=\"liner-continer\">\n\t\t\t\t<h4 class=\"woodmart-title-container title wd-fontsize-l\">Kontaktformular f\u00fcr Gesch\u00e4ftskunden<\/h4> \n\t\t\t\t\t\t\t<\/div>\n\n\t\t\t\t\t\t\t<div class=\"title-after_title set-cont-mb-s reset-last-child wd-fontsize-xs\">\n\t\t\t\t\t<p>Mit diesem Infopaket geben wir Ihnen bereits einen guten \u00dcberblick, aber es macht doch einen enormen Unterschied, wenn Sie die Chance wahrnehmen und sich pers\u00f6nlich von unseren Produkten und Behandlungskonzepten \u00fcberzeugen. Der erste Schritt ist gemacht, lernen wir uns kennen!<\/p>\t\t\t\t<\/div>\n\t\t\t\t\t<\/div>\n\t\t\t\t\t\t<\/div>\n\t\t\t\t<\/div>\n\t\t\t\t\t<\/div>\n\t\t\t\t<\/div>\n\t\t<div class=\"wd-negative-gap elementor-element elementor-element-62ba3d4 e-flex e-con-boxed e-con e-parent\" data-id=\"62ba3d4\" data-element_type=\"container\">\n\t\t\t\t\t<div class=\"e-con-inner\">\n\t\t\t\t<div class=\"elementor-element elementor-element-2d4b5ea elementor-widget elementor-widget-wd_contact_form_7\" data-id=\"2d4b5ea\" data-element_type=\"widget\" data-widget_type=\"wd_contact_form_7.default\">\n\t\t\t\t<div class=\"elementor-widget-container\">\n\t\t\t\t\t\n<div class=\"wpcf7 no-js\" id=\"wpcf7-f29715-o1\" lang=\"en-US\" dir=\"ltr\" data-wpcf7-id=\"29715\">\n<div class=\"screen-reader-response\"><p role=\"status\" aria-live=\"polite\" aria-atomic=\"true\"><\/p> <ul><\/ul><\/div>\n<form action=\"\/en\/wp-json\/wp\/v2\/pages\/29716#wpcf7-f29715-o1\" method=\"post\" class=\"wpcf7-form init\" aria-label=\"Contact form\" novalidate=\"novalidate\" data-status=\"init\">\n<fieldset class=\"hidden-fields-container\"><input type=\"hidden\" name=\"_wpcf7\" value=\"29715\" \/><input type=\"hidden\" name=\"_wpcf7_version\" value=\"6.1.4\" \/><input type=\"hidden\" name=\"_wpcf7_locale\" value=\"en_US\" \/><input type=\"hidden\" name=\"_wpcf7_unit_tag\" value=\"wpcf7-f29715-o1\" \/><input type=\"hidden\" name=\"_wpcf7_container_post\" value=\"0\" \/><input type=\"hidden\" name=\"_wpcf7_posted_data_hash\" value=\"\" \/><input type=\"hidden\" name=\"_wpcf7_recaptcha_response\" value=\"\" \/>\n<\/fieldset>\n<div class=\"row\">\n\t<p class=\"col-md-4\"><label>Salutation*<\/label><span class=\"wpcf7-form-control-wrap\" data-name=\"anrede\"><select class=\"wpcf7-form-control wpcf7-select wpcf7-validates-as-required\" aria-required=\"true\" aria-invalid=\"false\" name=\"anrede\"><option value=\"\">Please choose<\/option><option value=\"Ms.\">Ms.<\/option><option value=\"Mr.\">Mr.<\/option><\/select><\/span>\n\t<\/p>\n\t<p class=\"col-md-4\"><label>First Name*<\/label><span class=\"wpcf7-form-control-wrap\" data-name=\"vorname\"><input size=\"40\" maxlength=\"400\" class=\"wpcf7-form-control wpcf7-text wpcf7-validates-as-required\" autocomplete=\"name\" aria-required=\"true\" aria-invalid=\"false\" value=\"\" type=\"text\" name=\"vorname\" \/><\/span>\n\t<\/p>\n\t<p class=\"col-md-4\"><label>Last Name*<\/label><span class=\"wpcf7-form-control-wrap\" data-name=\"nachname\"><input size=\"40\" maxlength=\"400\" class=\"wpcf7-form-control wpcf7-text wpcf7-validates-as-required\" autocomplete=\"family-name\" aria-required=\"true\" aria-invalid=\"false\" value=\"\" type=\"text\" name=\"nachname\" \/><\/span>\n\t<\/p>\n<\/div>\n<div class=\"row\">\n<\/div>\n<div class=\"row\">\n\t<p class=\"col-md-12\"><label>Your Institute \/ Business*<\/label><span class=\"wpcf7-form-control-wrap\" data-name=\"gewerbe\"><input size=\"40\" maxlength=\"400\" class=\"wpcf7-form-control wpcf7-text wpcf7-validates-as-required\" aria-required=\"true\" aria-invalid=\"false\" value=\"\" type=\"text\" name=\"gewerbe\" \/><\/span>\n\t<\/p>\n<\/div>\n<div class=\"row\">\n\t<p class=\"col-md-12\"><label>Address*<\/label><span class=\"wpcf7-form-control-wrap\" data-name=\"Adresse\"><input size=\"40\" maxlength=\"400\" class=\"wpcf7-form-control wpcf7-text wpcf7-validates-as-required\" aria-required=\"true\" aria-invalid=\"false\" value=\"\" type=\"text\" name=\"Adresse\" \/><\/span>\n\t<\/p>\n<\/div>\n<div class=\"row\">\n\t<p class=\"col-md-6\"><label>Postal Code*<\/label><span class=\"wpcf7-form-control-wrap\" data-name=\"plz\"><input size=\"40\" maxlength=\"400\" class=\"wpcf7-form-control wpcf7-text wpcf7-validates-as-required\" aria-required=\"true\" aria-invalid=\"false\" value=\"\" type=\"text\" name=\"plz\" \/><\/span>\n\t<\/p>\n\t<p class=\"col-md-6\"><label>City*<\/label><span class=\"wpcf7-form-control-wrap\" data-name=\"ort\"><input size=\"40\" maxlength=\"400\" class=\"wpcf7-form-control wpcf7-text wpcf7-validates-as-required\" aria-required=\"true\" aria-invalid=\"false\" value=\"\" type=\"text\" name=\"ort\" \/><\/span>\n\t<\/p>\n<\/div>\n<div class=\"row\">\n\t<p class=\"col-md-6\"><label>Federal State<\/label><span class=\"wpcf7-form-control-wrap\" data-name=\"bundesland\"><select class=\"wpcf7-form-control wpcf7-select\" aria-invalid=\"false\" name=\"bundesland\"><option value=\"\">Please choose<\/option><option value=\"Baden-W\u00fcrttemberg\">Baden-W\u00fcrttemberg<\/option><option value=\"Bavaria\">Bavaria<\/option><option value=\"Berlin\">Berlin<\/option><option value=\"Brandenburg\">Brandenburg<\/option><option value=\"Bremen\">Bremen<\/option><option value=\"Hamburg\">Hamburg<\/option><option value=\"Hesse\">Hesse<\/option><option value=\"Lower Saxony\">Lower Saxony<\/option><option value=\"Mecklenburg-West Pomerania\">Mecklenburg-West Pomerania<\/option><option value=\"North Rhine-Westphalia\">North Rhine-Westphalia<\/option><option value=\"Rhineland-Palatinate\">Rhineland-Palatinate<\/option><option value=\"Saarland\">Saarland<\/option><option value=\"Saxony\">Saxony<\/option><option value=\"Saxony-Anhalt\">Saxony-Anhalt<\/option><option value=\"Schleswig-Holstein\">Schleswig-Holstein<\/option><option value=\"Thuringia\">Thuringia<\/option><\/select><\/span>\n\t<\/p>\n\t<p class=\"col-md-6\"><label>Country*<\/label><span class=\"wpcf7-form-control-wrap\" data-name=\"land\"><select class=\"wpcf7-form-control wpcf7-select\" aria-invalid=\"false\" name=\"land\"><option value=\"\">Please choose<\/option><option value=\"Germany\">Germany<\/option><option value=\"Austria\">Austria<\/option><option value=\"Belgium\">Belgium<\/option><option value=\"Denmark\">Denmark<\/option><option value=\"Estonia\">Estonia<\/option><option value=\"Finland\">Finland<\/option><option value=\"France\">France<\/option><option value=\"Greece\">Greece<\/option><option value=\"United Kingdom\">United Kingdom<\/option><option value=\"Ireland\">Ireland<\/option><option value=\"Italy\">Italy<\/option><option value=\"Luxembourg\">Luxembourg<\/option><option value=\"Netherlands\">Netherlands<\/option><option value=\"Norway\">Norway<\/option><option value=\"Poland\">Poland<\/option><option value=\"Sweden\">Sweden<\/option><\/select><\/span>\n\t<\/p>\n<\/div>\n<div class=\"row\">\n\t<p class=\"col-md-6\"><label>Email*<\/label><span class=\"wpcf7-form-control-wrap\" data-name=\"e-mail\"><input size=\"40\" maxlength=\"400\" class=\"wpcf7-form-control wpcf7-email wpcf7-validates-as-required wpcf7-text wpcf7-validates-as-email\" autocomplete=\"email\" aria-required=\"true\" aria-invalid=\"false\" value=\"\" type=\"email\" name=\"e-mail\" \/><\/span>\n\t<\/p>\n\t<p class=\"col-md-6\"><label>Phone Number<\/label><span class=\"wpcf7-form-control-wrap\" data-name=\"telefonnummer\"><input size=\"40\" maxlength=\"400\" class=\"wpcf7-form-control wpcf7-tel wpcf7-text wpcf7-validates-as-tel\" autocomplete=\"tel\" aria-invalid=\"false\" value=\"\" type=\"tel\" name=\"telefonnummer\" \/><\/span>\n\t<\/p>\n<\/div>\n<div class=\"row\">\n\t<p class=\"col-md-6\"><label>Website*<\/label><span class=\"wpcf7-form-control-wrap\" data-name=\"internetseite\"><input size=\"40\" maxlength=\"400\" class=\"wpcf7-form-control wpcf7-text wpcf7-validates-as-required\" aria-required=\"true\" aria-invalid=\"false\" value=\"\" type=\"text\" name=\"internetseite\" \/><\/span>\n\t<\/p>\n\t<p class=\"col-md-6\"><label>How did you hear about us?*<\/label><span class=\"wpcf7-form-control-wrap\" data-name=\"wie-sind-sie-auf-uns-gekommen\"><select class=\"wpcf7-form-control wpcf7-select wpcf7-validates-as-required\" aria-required=\"true\" aria-invalid=\"false\" name=\"wie-sind-sie-auf-uns-gekommen\"><option value=\"\">Please choose<\/option><option value=\"Trade Fair\">Trade Fair<\/option><option value=\"Trade Magazine Advertisement\">Trade Magazine Advertisement<\/option><option value=\"Recommendation by a fellow beautician\">Recommendation by a fellow beautician<\/option><option value=\"Own Internet Research\">Own Internet Research<\/option><option value=\"Seen in the Consumer Press\">Seen in the Consumer Press<\/option><option value=\"Social Media (Facebook, Instagram &amp; Co.)\">Social Media (Facebook, Instagram &amp; Co.)<\/option><option value=\"Other\">Other<\/option><\/select><\/span>\n\t<\/p>\n<\/div>\n<p><label>Your message to us!*<\/label><span class=\"wpcf7-form-control-wrap\" data-name=\"ihre-nachricht-an-uns\"><textarea cols=\"40\" rows=\"10\" maxlength=\"2000\" class=\"wpcf7-form-control wpcf7-textarea wpcf7-validates-as-required\" aria-required=\"true\" aria-invalid=\"false\" name=\"ihre-nachricht-an-uns\"><\/textarea><\/span>\n<\/p>\n<div class=\"row\">\n\t<p class=\"col-md-12\"><span class=\"wpcf7-form-control-wrap\" data-name=\"abonnieren\"><span class=\"wpcf7-form-control wpcf7-checkbox wpcf7-validates-as-required\"><span class=\"wpcf7-list-item first last\"><label><input type=\"checkbox\" name=\"abonnieren[]\" value=\"I agree to receive further notifications from Sheida Cosmetic\" \/><span class=\"wpcf7-list-item-label\">I agree to receive further notifications from Sheida Cosmetic<\/span><\/label><\/span><\/span><\/span>\n\t<\/p>\n<\/div>\n<p><input class=\"wpcf7-form-control wpcf7-submit has-spinner gonderbuton\" type=\"submit\" value=\"SEND\" \/>\n<\/p><div class=\"wpcf7-response-output\" aria-hidden=\"true\"><\/div>\n<\/form>\n<\/div>\n\t\t\t\t<\/div>\n\t\t\t\t<\/div>\n\t\t\t\t\t<\/div>\n\t\t\t\t<\/div>\n\t\t\t\t<\/div>\n\t\t","protected":false},"excerpt":{"rendered":"<p>Kontaktformular f\u00fcr Gesch\u00e4ftskunden Mit diesem Infopaket geben wir Ihnen bereits einen guten \u00dcberblick, aber es macht doch einen enormen Unterschied,<\/p>\n","protected":false},"author":1,"featured_media":0,"parent":0,"menu_order":0,"comment_status":"closed","ping_status":"closed","template":"","meta":{"footnotes":""},"class_list":["post-29716","page","type-page","status-publish","hentry"],"yoast_head":"<!-- This site is optimized with the Yoast SEO Premium plugin v25.9 (Yoast SEO v26.6) - https:\/\/yoast.com\/wordpress\/plugins\/seo\/ -->\n<title>Business Inquiry - Sheida<\/title>\n<meta name=\"robots\" content=\"index, follow, max-snippet:-1, max-image-preview:large, max-video-preview:-1\" \/>\n<link rel=\"canonical\" href=\"https:\/\/sheida.de\/en\/business-inquiry\/\" \/>\n<meta property=\"og:locale\" content=\"en_US\" \/>\n<meta property=\"og:type\" content=\"article\" \/>\n<meta property=\"og:title\" content=\"Business Inquiry\" \/>\n<meta property=\"og:description\" content=\"Kontaktformular f\u00fcr Gesch\u00e4ftskunden Mit diesem Infopaket geben wir Ihnen bereits einen guten \u00dcberblick, aber es macht doch einen enormen Unterschied,\" \/>\n<meta property=\"og:url\" content=\"https:\/\/sheida.de\/en\/business-inquiry\/\" \/>\n<meta property=\"og:site_name\" content=\"Sheida\" \/>\n<meta property=\"article:publisher\" content=\"https:\/\/www.facebook.com\/people\/Sheida\/61569907291815\/\" \/>\n<meta property=\"article:modified_time\" content=\"2025-06-11T09:22:29+00:00\" \/>\n<meta name=\"twitter:card\" content=\"summary_large_image\" \/>\n<meta name=\"twitter:label1\" content=\"Est. reading time\" \/>\n\t<meta name=\"twitter:data1\" content=\"1 minute\" \/>\n<script type=\"application\/ld+json\" class=\"yoast-schema-graph\">{\"@context\":\"https:\/\/schema.org\",\"@graph\":[{\"@type\":\"WebPage\",\"@id\":\"https:\/\/sheida.de\/en\/business-inquiry\/\",\"url\":\"https:\/\/sheida.de\/en\/business-inquiry\/\",\"name\":\"Business Inquiry - Sheida\",\"isPartOf\":{\"@id\":\"https:\/\/sheida.de\/en\/#website\"},\"datePublished\":\"2024-11-04T14:41:01+00:00\",\"dateModified\":\"2025-06-11T09:22:29+00:00\",\"breadcrumb\":{\"@id\":\"https:\/\/sheida.de\/en\/business-inquiry\/#breadcrumb\"},\"inLanguage\":\"en-US\",\"potentialAction\":[{\"@type\":\"ReadAction\",\"target\":[\"https:\/\/sheida.de\/en\/business-inquiry\/\"]}]},{\"@type\":\"BreadcrumbList\",\"@id\":\"https:\/\/sheida.de\/en\/business-inquiry\/#breadcrumb\",\"itemListElement\":[{\"@type\":\"ListItem\",\"position\":1,\"name\":\"Startseite\",\"item\":\"https:\/\/sheida.de\/en\/\"},{\"@type\":\"ListItem\",\"position\":2,\"name\":\"Business Inquiry\"}]},{\"@type\":\"WebSite\",\"@id\":\"https:\/\/sheida.de\/en\/#website\",\"url\":\"https:\/\/sheida.de\/en\/\",\"name\":\"SHEIDA\",\"description\":\"Natural Beauty\",\"publisher\":{\"@id\":\"https:\/\/sheida.de\/en\/#organization\"},\"potentialAction\":[{\"@type\":\"SearchAction\",\"target\":{\"@type\":\"EntryPoint\",\"urlTemplate\":\"https:\/\/sheida.de\/en\/?s={search_term_string}\"},\"query-input\":{\"@type\":\"PropertyValueSpecification\",\"valueRequired\":true,\"valueName\":\"search_term_string\"}}],\"inLanguage\":\"en-US\"},{\"@type\":\"Organization\",\"@id\":\"https:\/\/sheida.de\/en\/#organization\",\"name\":\"Sheida\",\"url\":\"https:\/\/sheida.de\/en\/\",\"logo\":{\"@type\":\"ImageObject\",\"inLanguage\":\"en-US\",\"@id\":\"https:\/\/sheida.de\/en\/#\/schema\/logo\/image\/\",\"url\":\"https:\/\/sheida.de\/wp-content\/uploads\/2024\/12\/LOGO-siyah.webp\",\"contentUrl\":\"https:\/\/sheida.de\/wp-content\/uploads\/2024\/12\/LOGO-siyah.webp\",\"width\":750,\"height\":254,\"caption\":\"Sheida\"},\"image\":{\"@id\":\"https:\/\/sheida.de\/en\/#\/schema\/logo\/image\/\"},\"sameAs\":[\"https:\/\/www.facebook.com\/people\/Sheida\/61569907291815\/\",\"https:\/\/www.instagram.com\/sheidacosmeticseu\"]}]}<\/script>\n<!-- \/ Yoast SEO Premium plugin. -->","yoast_head_json":{"title":"Business Inquiry - Sheida","robots":{"index":"index","follow":"follow","max-snippet":"max-snippet:-1","max-image-preview":"max-image-preview:large","max-video-preview":"max-video-preview:-1"},"canonical":"https:\/\/sheida.de\/en\/business-inquiry\/","og_locale":"en_US","og_type":"article","og_title":"Business Inquiry","og_description":"Kontaktformular f\u00fcr Gesch\u00e4ftskunden Mit diesem Infopaket geben wir Ihnen bereits einen guten \u00dcberblick, aber es macht doch einen enormen Unterschied,","og_url":"https:\/\/sheida.de\/en\/business-inquiry\/","og_site_name":"Sheida","article_publisher":"https:\/\/www.facebook.com\/people\/Sheida\/61569907291815\/","article_modified_time":"2025-06-11T09:22:29+00:00","twitter_card":"summary_large_image","twitter_misc":{"Est. reading time":"1 minute"},"schema":{"@context":"https:\/\/schema.org","@graph":[{"@type":"WebPage","@id":"https:\/\/sheida.de\/en\/business-inquiry\/","url":"https:\/\/sheida.de\/en\/business-inquiry\/","name":"Business Inquiry - Sheida","isPartOf":{"@id":"https:\/\/sheida.de\/en\/#website"},"datePublished":"2024-11-04T14:41:01+00:00","dateModified":"2025-06-11T09:22:29+00:00","breadcrumb":{"@id":"https:\/\/sheida.de\/en\/business-inquiry\/#breadcrumb"},"inLanguage":"en-US","potentialAction":[{"@type":"ReadAction","target":["https:\/\/sheida.de\/en\/business-inquiry\/"]}]},{"@type":"BreadcrumbList","@id":"https:\/\/sheida.de\/en\/business-inquiry\/#breadcrumb","itemListElement":[{"@type":"ListItem","position":1,"name":"Startseite","item":"https:\/\/sheida.de\/en\/"},{"@type":"ListItem","position":2,"name":"Business Inquiry"}]},{"@type":"WebSite","@id":"https:\/\/sheida.de\/en\/#website","url":"https:\/\/sheida.de\/en\/","name":"SHEIDA","description":"Natural Beauty","publisher":{"@id":"https:\/\/sheida.de\/en\/#organization"},"potentialAction":[{"@type":"SearchAction","target":{"@type":"EntryPoint","urlTemplate":"https:\/\/sheida.de\/en\/?s={search_term_string}"},"query-input":{"@type":"PropertyValueSpecification","valueRequired":true,"valueName":"search_term_string"}}],"inLanguage":"en-US"},{"@type":"Organization","@id":"https:\/\/sheida.de\/en\/#organization","name":"Sheida","url":"https:\/\/sheida.de\/en\/","logo":{"@type":"ImageObject","inLanguage":"en-US","@id":"https:\/\/sheida.de\/en\/#\/schema\/logo\/image\/","url":"https:\/\/sheida.de\/wp-content\/uploads\/2024\/12\/LOGO-siyah.webp","contentUrl":"https:\/\/sheida.de\/wp-content\/uploads\/2024\/12\/LOGO-siyah.webp","width":750,"height":254,"caption":"Sheida"},"image":{"@id":"https:\/\/sheida.de\/en\/#\/schema\/logo\/image\/"},"sameAs":["https:\/\/www.facebook.com\/people\/Sheida\/61569907291815\/","https:\/\/www.instagram.com\/sheidacosmeticseu"]}]}},"_links":{"self":[{"href":"https:\/\/sheida.de\/en\/wp-json\/wp\/v2\/pages\/29716","targetHints":{"allow":["GET"]}}],"collection":[{"href":"https:\/\/sheida.de\/en\/wp-json\/wp\/v2\/pages"}],"about":[{"href":"https:\/\/sheida.de\/en\/wp-json\/wp\/v2\/types\/page"}],"author":[{"embeddable":true,"href":"https:\/\/sheida.de\/en\/wp-json\/wp\/v2\/users\/1"}],"replies":[{"embeddable":true,"href":"https:\/\/sheida.de\/en\/wp-json\/wp\/v2\/comments?post=29716"}],"version-history":[{"count":3,"href":"https:\/\/sheida.de\/en\/wp-json\/wp\/v2\/pages\/29716\/revisions"}],"predecessor-version":[{"id":30003,"href":"https:\/\/sheida.de\/en\/wp-json\/wp\/v2\/pages\/29716\/revisions\/30003"}],"wp:attachment":[{"href":"https:\/\/sheida.de\/en\/wp-json\/wp\/v2\/media?parent=29716"}],"curies":[{"name":"wp","href":"https:\/\/api.w.org\/{rel}","templated":true}]}}