{"id":29858,"date":"2024-10-12T11:07:38","date_gmt":"2024-10-12T11:07:38","guid":{"rendered":"https:\/\/sheida.de\/produkt\/mineral-ultimate-lifting-serum-40ml\/"},"modified":"2025-06-07T18:16:34","modified_gmt":"2025-06-07T18:16:34","slug":"mineral-ultimate-lifting-serum-40ml","status":"publish","type":"product","link":"https:\/\/sheida.de\/en\/produkt\/mineral-ultimate-lifting-serum-40ml\/","title":{"rendered":"MINERAL ULTIMATE Lifting Serum"},"content":{"rendered":"<p><strong>For Firm, Smooth Skin \u2013 Powerful Anti-Aging Care for Radiant Skin<\/strong><\/p>\n<p>The MINERAL ULTIMATE Lifting Serum is specially formulated to visibly firm the skin while maintaining its moisture balance. The biotechnologically derived plant-based active ingredients provide comprehensive care and support the skin\u2019s elasticity. Its lightweight texture absorbs quickly and leaves a silky, non-greasy finish. Ideal for daily use, this serum refreshes and rejuvenates the skin, helping to counteract sagging.<\/p>\n<p><strong>Biotechnological Plant Extracts for Visible Results<\/strong><\/p>\n<p>Carefully selected plant molecules make the MINERAL ULTIMATE Lifting Serum highly effective against signs of skin aging, supporting natural skin firmness and smoothness.<\/p>\n<p><strong>Why SHEIDA Mineral Ultimate Lifting Serum is Perfect for You:<\/strong><\/p>\n<ul>\n<li><strong>Firming effect:<\/strong> Supports skin firmness and promotes a smooth complexion.<\/li>\n<li><strong>Moisture balance:<\/strong> Nourishes and hydrates the skin for long-lasting suppleness.<\/li>\n<li><strong>Biotechnological plant extracts:<\/strong> Natural ingredients to enhance skin elasticity.<\/li>\n<li><strong>Lightweight and fast-absorbing:<\/strong> Ideal for all skin types and perfect for daily use.<\/li>\n<li><strong>For face, neck, and d\u00e9collet\u00e9:<\/strong> Comprehensive care for a youthful glow.<\/li>\n<\/ul>\n<p><strong>Application Instructions<\/strong><\/p>\n<ul>\n<li><strong>Preparation:<\/strong> Thoroughly cleanse your face and follow with a toner.<\/li>\n<li><strong>Application:<\/strong> Apply a small amount of the lifting serum to the face, neck, and d\u00e9collet\u00e9.<\/li>\n<li><strong>Massage:<\/strong> Gently massage the serum into the skin using circular motions, morning and evening.<\/li>\n<\/ul>\n<p><strong>Storage and Warning Instructions<\/strong><\/p>\n<p>Store in a cool, dry place away from direct sunlight.<br \/>\nFor external use only.<br \/>\nAvoid contact with eyes. In case of contact, rinse thoroughly with water.<\/p>\n","protected":false},"excerpt":{"rendered":"<p><strong>F\u00fcr alle Hauttypen &#8211; 40 ml<\/strong><\/p>\n<p>Straffe Haut \u2013 Intensiv pflegendes Lifting-Serum f\u00fcr jugendliche Frische!<br \/>\nDas MINERAL ULTIMATE Lifting Serum unterst\u00fctzt die Hautstraffung und bewahrt das Feuchtigkeitsgleichgewicht. Geeignet f\u00fcr alle Hauttypen.<\/p>\n","protected":false},"featured_media":29172,"comment_status":"closed","ping_status":"closed","template":"","meta":[],"product_brand":[],"product_cat":[380,420,449,421,451,422,498,423,466],"product_tag":[690],"class_list":{"0":"post-29858","1":"product","2":"type-product","3":"status-publish","4":"has-post-thumbnail","6":"product_cat-skin-care","7":"product_cat-by-skin-concern","8":"product_cat-firming-anti-sagging-care","9":"product_cat-by-skin-type","10":"product_cat-all-skin-types","11":"product_cat-browse-by-category","12":"product_cat-face-serums","13":"product_cat-browse-by-series","14":"product_cat-mineral-ultimate-en","15":"product_tag-mineral-ultimate-en","16":"product_shipping_class-standart-en","17":"pa_effekt-firming","18":"pa_effekt-moisturizing","19":"pa_effekt-revitalisierend-en","20":"pa_gender-man-en","21":"pa_gender-unisex-en","22":"pa_gender-woman","23":"pa_hauttyp-all-skin-types","24":"pa_produkteigenschaften-biotechnological-plant-extracts","25":"pa_produkteigenschaften-quickly-absorbed","26":"pa_produkteigenschaften-supports-moisture-balance","27":"pa_produkttyp-lifting-serum-en","28":"pa_textur-konsistenz-serum-en","30":"first","31":"instock","32":"taxable","33":"shipping-taxable","34":"purchasable","35":"product-type-simple"},"yoast_head":"<!-- This site is optimized with the Yoast SEO Premium plugin v25.9 (Yoast SEO v26.6) - https:\/\/yoast.com\/wordpress\/plugins\/seo\/ -->\n<title>MINERAL ULTIMATE Lifting Serum - Sheida<\/title>\n<meta name=\"robots\" content=\"index, follow, max-snippet:-1, max-image-preview:large, max-video-preview:-1\" \/>\n<link rel=\"canonical\" href=\"https:\/\/sheida.de\/en\/produkt\/mineral-ultimate-lifting-serum-40ml\/\" \/>\n<meta property=\"og:locale\" content=\"en_US\" \/>\n<meta property=\"og:type\" content=\"article\" \/>\n<meta property=\"og:title\" content=\"MINERAL ULTIMATE Lifting Serum\" \/>\n<meta property=\"og:description\" content=\"F\u00fcr alle Hauttypen - 40 ml  Straffe Haut \u2013 Intensiv pflegendes Lifting-Serum f\u00fcr jugendliche Frische! Das MINERAL ULTIMATE Lifting Serum unterst\u00fctzt die Hautstraffung und bewahrt das Feuchtigkeitsgleichgewicht. Geeignet f\u00fcr alle Hauttypen.\" \/>\n<meta property=\"og:url\" content=\"https:\/\/sheida.de\/en\/produkt\/mineral-ultimate-lifting-serum-40ml\/\" \/>\n<meta property=\"og:site_name\" content=\"Sheida\" \/>\n<meta property=\"article:publisher\" content=\"https:\/\/www.facebook.com\/people\/Sheida\/61569907291815\/\" \/>\n<meta property=\"article:modified_time\" content=\"2025-06-07T18:16:34+00:00\" \/>\n<meta property=\"og:image\" content=\"https:\/\/sheida.de\/wp-content\/uploads\/2024\/10\/Mineral-Ultimate-Lifting-Serum-40-ml.webp\" \/>\n\t<meta property=\"og:image:width\" content=\"1950\" \/>\n\t<meta property=\"og:image:height\" content=\"1950\" \/>\n\t<meta property=\"og:image:type\" content=\"image\/webp\" \/>\n<meta name=\"twitter:card\" content=\"summary_large_image\" \/>\n<meta name=\"twitter:label1\" content=\"Est. reading time\" \/>\n\t<meta name=\"twitter:data1\" content=\"2 minutes\" \/>\n<script type=\"application\/ld+json\" class=\"yoast-schema-graph\">{\"@context\":\"https:\/\/schema.org\",\"@graph\":[{\"@type\":\"WebPage\",\"@id\":\"https:\/\/sheida.de\/en\/produkt\/mineral-ultimate-lifting-serum-40ml\/\",\"url\":\"https:\/\/sheida.de\/en\/produkt\/mineral-ultimate-lifting-serum-40ml\/\",\"name\":\"MINERAL ULTIMATE Lifting Serum - Sheida\",\"isPartOf\":{\"@id\":\"https:\/\/sheida.de\/en\/#website\"},\"primaryImageOfPage\":{\"@id\":\"https:\/\/sheida.de\/en\/produkt\/mineral-ultimate-lifting-serum-40ml\/#primaryimage\"},\"image\":{\"@id\":\"https:\/\/sheida.de\/en\/produkt\/mineral-ultimate-lifting-serum-40ml\/#primaryimage\"},\"thumbnailUrl\":\"https:\/\/sheida.de\/wp-content\/uploads\/2024\/10\/Mineral-Ultimate-Lifting-Serum-40-ml.webp\",\"datePublished\":\"2024-10-12T11:07:38+00:00\",\"dateModified\":\"2025-06-07T18:16:34+00:00\",\"breadcrumb\":{\"@id\":\"https:\/\/sheida.de\/en\/produkt\/mineral-ultimate-lifting-serum-40ml\/#breadcrumb\"},\"inLanguage\":\"en-US\",\"potentialAction\":[{\"@type\":\"ReadAction\",\"target\":[\"https:\/\/sheida.de\/en\/produkt\/mineral-ultimate-lifting-serum-40ml\/\"]}]},{\"@type\":\"ImageObject\",\"inLanguage\":\"en-US\",\"@id\":\"https:\/\/sheida.de\/en\/produkt\/mineral-ultimate-lifting-serum-40ml\/#primaryimage\",\"url\":\"https:\/\/sheida.de\/wp-content\/uploads\/2024\/10\/Mineral-Ultimate-Lifting-Serum-40-ml.webp\",\"contentUrl\":\"https:\/\/sheida.de\/wp-content\/uploads\/2024\/10\/Mineral-Ultimate-Lifting-Serum-40-ml.webp\",\"width\":1950,\"height\":1950},{\"@type\":\"BreadcrumbList\",\"@id\":\"https:\/\/sheida.de\/en\/produkt\/mineral-ultimate-lifting-serum-40ml\/#breadcrumb\",\"itemListElement\":[{\"@type\":\"ListItem\",\"position\":1,\"name\":\"Startseite\",\"item\":\"https:\/\/sheida.de\/en\/\"},{\"@type\":\"ListItem\",\"position\":2,\"name\":\"Shop\",\"item\":\"https:\/\/sheida.de\/en\/shop\/\"},{\"@type\":\"ListItem\",\"position\":3,\"name\":\"MINERAL ULTIMATE Lifting Serum\"}]},{\"@type\":\"WebSite\",\"@id\":\"https:\/\/sheida.de\/en\/#website\",\"url\":\"https:\/\/sheida.de\/en\/\",\"name\":\"SHEIDA\",\"description\":\"Natural Beauty\",\"publisher\":{\"@id\":\"https:\/\/sheida.de\/en\/#organization\"},\"potentialAction\":[{\"@type\":\"SearchAction\",\"target\":{\"@type\":\"EntryPoint\",\"urlTemplate\":\"https:\/\/sheida.de\/en\/?s={search_term_string}\"},\"query-input\":{\"@type\":\"PropertyValueSpecification\",\"valueRequired\":true,\"valueName\":\"search_term_string\"}}],\"inLanguage\":\"en-US\"},{\"@type\":\"Organization\",\"@id\":\"https:\/\/sheida.de\/en\/#organization\",\"name\":\"Sheida\",\"url\":\"https:\/\/sheida.de\/en\/\",\"logo\":{\"@type\":\"ImageObject\",\"inLanguage\":\"en-US\",\"@id\":\"https:\/\/sheida.de\/en\/#\/schema\/logo\/image\/\",\"url\":\"https:\/\/sheida.de\/wp-content\/uploads\/2024\/12\/LOGO-siyah.webp\",\"contentUrl\":\"https:\/\/sheida.de\/wp-content\/uploads\/2024\/12\/LOGO-siyah.webp\",\"width\":750,\"height\":254,\"caption\":\"Sheida\"},\"image\":{\"@id\":\"https:\/\/sheida.de\/en\/#\/schema\/logo\/image\/\"},\"sameAs\":[\"https:\/\/www.facebook.com\/people\/Sheida\/61569907291815\/\",\"https:\/\/www.instagram.com\/sheidacosmeticseu\"]}]}<\/script>\n<!-- \/ Yoast SEO Premium plugin. -->","yoast_head_json":{"title":"MINERAL ULTIMATE Lifting Serum - Sheida","robots":{"index":"index","follow":"follow","max-snippet":"max-snippet:-1","max-image-preview":"max-image-preview:large","max-video-preview":"max-video-preview:-1"},"canonical":"https:\/\/sheida.de\/en\/produkt\/mineral-ultimate-lifting-serum-40ml\/","og_locale":"en_US","og_type":"article","og_title":"MINERAL ULTIMATE Lifting Serum","og_description":"F\u00fcr alle Hauttypen - 40 ml  Straffe Haut \u2013 Intensiv pflegendes Lifting-Serum f\u00fcr jugendliche Frische! Das MINERAL ULTIMATE Lifting Serum unterst\u00fctzt die Hautstraffung und bewahrt das Feuchtigkeitsgleichgewicht. Geeignet f\u00fcr alle Hauttypen.","og_url":"https:\/\/sheida.de\/en\/produkt\/mineral-ultimate-lifting-serum-40ml\/","og_site_name":"Sheida","article_publisher":"https:\/\/www.facebook.com\/people\/Sheida\/61569907291815\/","article_modified_time":"2025-06-07T18:16:34+00:00","og_image":[{"width":1950,"height":1950,"url":"https:\/\/sheida.de\/wp-content\/uploads\/2024\/10\/Mineral-Ultimate-Lifting-Serum-40-ml.webp","type":"image\/webp"}],"twitter_card":"summary_large_image","twitter_misc":{"Est. reading time":"2 minutes"},"schema":{"@context":"https:\/\/schema.org","@graph":[{"@type":"WebPage","@id":"https:\/\/sheida.de\/en\/produkt\/mineral-ultimate-lifting-serum-40ml\/","url":"https:\/\/sheida.de\/en\/produkt\/mineral-ultimate-lifting-serum-40ml\/","name":"MINERAL ULTIMATE Lifting Serum - Sheida","isPartOf":{"@id":"https:\/\/sheida.de\/en\/#website"},"primaryImageOfPage":{"@id":"https:\/\/sheida.de\/en\/produkt\/mineral-ultimate-lifting-serum-40ml\/#primaryimage"},"image":{"@id":"https:\/\/sheida.de\/en\/produkt\/mineral-ultimate-lifting-serum-40ml\/#primaryimage"},"thumbnailUrl":"https:\/\/sheida.de\/wp-content\/uploads\/2024\/10\/Mineral-Ultimate-Lifting-Serum-40-ml.webp","datePublished":"2024-10-12T11:07:38+00:00","dateModified":"2025-06-07T18:16:34+00:00","breadcrumb":{"@id":"https:\/\/sheida.de\/en\/produkt\/mineral-ultimate-lifting-serum-40ml\/#breadcrumb"},"inLanguage":"en-US","potentialAction":[{"@type":"ReadAction","target":["https:\/\/sheida.de\/en\/produkt\/mineral-ultimate-lifting-serum-40ml\/"]}]},{"@type":"ImageObject","inLanguage":"en-US","@id":"https:\/\/sheida.de\/en\/produkt\/mineral-ultimate-lifting-serum-40ml\/#primaryimage","url":"https:\/\/sheida.de\/wp-content\/uploads\/2024\/10\/Mineral-Ultimate-Lifting-Serum-40-ml.webp","contentUrl":"https:\/\/sheida.de\/wp-content\/uploads\/2024\/10\/Mineral-Ultimate-Lifting-Serum-40-ml.webp","width":1950,"height":1950},{"@type":"BreadcrumbList","@id":"https:\/\/sheida.de\/en\/produkt\/mineral-ultimate-lifting-serum-40ml\/#breadcrumb","itemListElement":[{"@type":"ListItem","position":1,"name":"Startseite","item":"https:\/\/sheida.de\/en\/"},{"@type":"ListItem","position":2,"name":"Shop","item":"https:\/\/sheida.de\/en\/shop\/"},{"@type":"ListItem","position":3,"name":"MINERAL ULTIMATE Lifting Serum"}]},{"@type":"WebSite","@id":"https:\/\/sheida.de\/en\/#website","url":"https:\/\/sheida.de\/en\/","name":"SHEIDA","description":"Natural Beauty","publisher":{"@id":"https:\/\/sheida.de\/en\/#organization"},"potentialAction":[{"@type":"SearchAction","target":{"@type":"EntryPoint","urlTemplate":"https:\/\/sheida.de\/en\/?s={search_term_string}"},"query-input":{"@type":"PropertyValueSpecification","valueRequired":true,"valueName":"search_term_string"}}],"inLanguage":"en-US"},{"@type":"Organization","@id":"https:\/\/sheida.de\/en\/#organization","name":"Sheida","url":"https:\/\/sheida.de\/en\/","logo":{"@type":"ImageObject","inLanguage":"en-US","@id":"https:\/\/sheida.de\/en\/#\/schema\/logo\/image\/","url":"https:\/\/sheida.de\/wp-content\/uploads\/2024\/12\/LOGO-siyah.webp","contentUrl":"https:\/\/sheida.de\/wp-content\/uploads\/2024\/12\/LOGO-siyah.webp","width":750,"height":254,"caption":"Sheida"},"image":{"@id":"https:\/\/sheida.de\/en\/#\/schema\/logo\/image\/"},"sameAs":["https:\/\/www.facebook.com\/people\/Sheida\/61569907291815\/","https:\/\/www.instagram.com\/sheidacosmeticseu"]}]}},"_links":{"self":[{"href":"https:\/\/sheida.de\/en\/wp-json\/wp\/v2\/product\/29858","targetHints":{"allow":["GET"]}}],"collection":[{"href":"https:\/\/sheida.de\/en\/wp-json\/wp\/v2\/product"}],"about":[{"href":"https:\/\/sheida.de\/en\/wp-json\/wp\/v2\/types\/product"}],"replies":[{"embeddable":true,"href":"https:\/\/sheida.de\/en\/wp-json\/wp\/v2\/comments?post=29858"}],"version-history":[{"count":2,"href":"https:\/\/sheida.de\/en\/wp-json\/wp\/v2\/product\/29858\/revisions"}],"predecessor-version":[{"id":29861,"href":"https:\/\/sheida.de\/en\/wp-json\/wp\/v2\/product\/29858\/revisions\/29861"}],"wp:featuredmedia":[{"embeddable":true,"href":"https:\/\/sheida.de\/en\/wp-json\/wp\/v2\/media\/29172"}],"wp:attachment":[{"href":"https:\/\/sheida.de\/en\/wp-json\/wp\/v2\/media?parent=29858"}],"wp:term":[{"taxonomy":"product_brand","embeddable":true,"href":"https:\/\/sheida.de\/en\/wp-json\/wp\/v2\/product_brand?post=29858"},{"taxonomy":"product_cat","embeddable":true,"href":"https:\/\/sheida.de\/en\/wp-json\/wp\/v2\/product_cat?post=29858"},{"taxonomy":"product_tag","embeddable":true,"href":"https:\/\/sheida.de\/en\/wp-json\/wp\/v2\/product_tag?post=29858"}],"curies":[{"name":"wp","href":"https:\/\/api.w.org\/{rel}","templated":true}]}}